{"id":840,"date":"2016-07-07T10:37:03","date_gmt":"2016-07-07T08:37:03","guid":{"rendered":"http:\/\/www.chardron.com\/en\/nos-propositions-de-financement\/"},"modified":"2017-02-17T15:21:34","modified_gmt":"2017-02-17T14:21:34","slug":"nos-propositions-de-financement","status":"publish","type":"page","link":"https:\/\/www.chardron.com\/en\/nos-propositions-de-financement\/","title":{"rendered":"We propose financing"},"content":{"rendered":"<div class=\"wpb-content-wrapper\"><p>[vc_row][vc_column][vc_column_text]<\/p>\n<h1>WHAT SOLUTIONS OF FINANCING OFFER THEMSELVES TO YOU?<\/h1>\n<h1><\/h1>\n<p>[\/vc_column_text][\/vc_column][\/vc_row][vc_row][vc_column][vc_column_text]Pour les professionnels<\/p>\n<ul>\n<li><strong>Le cr\u00e9dit classique<\/strong><\/li>\n<\/ul>\n<p>Formule de financement total ou partiel vous permettant d\u2019acqu\u00e9rir imm\u00e9diatement un v\u00e9hicule neuf ou d\u2019occasion et d\u2019\u00e9taler le financement dans le temps en pr\u00e9servent votre tr\u00e9sorerie.<\/p>\n<p><em>D\u2019un point de vu fiscal\u00a0:<\/em><\/p>\n<p>Faites passer les int\u00e9r\u00eats du cr\u00e9dit et l\u2019amortissement en charges et r\u00e9duisez vos imp\u00f4ts,<\/p>\n<p>r\u00e9cup\u00e9rez la tva, si vous y \u00eates assujetti.<\/p>\n<p>&nbsp;<\/p>\n<ul>\n<li><strong>Le cr\u00e9dit-bail(VR) ou LOA(pas de VR)<\/strong><\/li>\n<\/ul>\n<p>Le fonctionnement du cr\u00e9dit bail est simple : le v\u00e9hicule de votre choix est mis \u00e0 votre disposition, en \u00e9change d\u2019un loyer et une valeur r\u00e9siduelle de rachat en fin de cr\u00e9dit, cela vous permet de devenir propri\u00e9taire.<\/p>\n<p>&nbsp;<\/p>\n<p><strong><em>Chardron est agr\u00e9\u00e9 Agilor<\/em><\/strong>, son r\u00f4le est de financer le mat\u00e9riel agricole, de 1 an \u00e0 7 ans pour un v\u00e9hicule neuf et de 1 an \u00e0 5 ans pour un v\u00e9hicule d\u2019occasion, r\u00e9serv\u00e9 au client Cr\u00e9dit Agricole et cotisant \u00e0 la MSA.<\/p>\n<p>&nbsp;<\/p>\n<ul>\n<li><strong>La location longue dur\u00e9e <\/strong><\/li>\n<\/ul>\n<p>La Location Longue Dur\u00e9e est un mode de gestion qui vous permettra de confier \u00e0 un loueur le financement de votre parc automobile en contrepartie d&#8217;un loyer.<\/p>\n<p>La dur\u00e9e de la location et le kilom\u00e9trage sont d\u00e9termin\u00e9s \u00e0 l\u2019avance et le loyer est calcul\u00e9 en fonction de ces param\u00e8tres et du mod\u00e8le de v\u00e9hicule choisi, vous ne vous souciez plus de la revente de votre v\u00e9hicule.<\/p>\n<p><em>D\u2019un point de vu fiscal\u00a0 et comptable :<\/em><\/p>\n<p>D\u00e9duction des loyers de votre r\u00e9sultat imposable, une op\u00e9ration fiscale d\u2019autant plus avantageuse si\u00a0 vous optez pour un 1er loyer major\u00e9, conserver votre tr\u00e9sorerie en \u00e9talant le financement de votre v\u00e9hicule dans le temps, pr\u00e9server la solvabilit\u00e9 de votre entreprise en comptabilisant votre v\u00e9hicule hors bilan.<\/p>\n<p>&nbsp;<\/p>\n<p>Pour les particuliers<\/p>\n<p>Financement propos\u00e9 pour le particulier allant de 12 mois \u00e0 \u00a084 mois pour un v\u00e9hicule neuf et \u00a0jusqu&#8217;\u00e0 72 mois pour un v\u00e9hicule d\u2019occasion .<\/p>\n<p>&nbsp;<\/p>\n<p><strong>\u00a0<\/strong><\/p>\n<p>Un cr\u00e9dit vous engage et doit \u00eatre rembours\u00e9. V\u00e9rifiez vos capacit\u00e9s de remboursement avant de vous engager.[\/vc_column_text][\/vc_column][\/vc_row]<\/p>\n<\/div>","protected":false},"excerpt":{"rendered":"<p>[vc_row][vc_column][vc_column_text] WHAT SOLUTIONS OF FINANCING OFFER THEMSELVES TO YOU? [\/vc_column_text][\/vc_column][\/vc_row][vc_row][vc_column][vc_column_text]Pour<\/p>\n","protected":false},"author":10,"featured_media":7525,"parent":0,"menu_order":9,"comment_status":"closed","ping_status":"closed","template":"","meta":{"footnotes":""},"class_list":["post-840","page","type-page","status-publish","has-post-thumbnail","hentry"],"yoast_head":"<!-- This site is optimized with the Yoast SEO plugin v26.8 - https:\/\/yoast.com\/product\/yoast-seo-wordpress\/ -->\n<title>We propose financing - Vans CHARDRON<\/title>\n<meta name=\"robots\" content=\"index, follow, max-snippet:-1, max-image-preview:large, max-video-preview:-1\" \/>\n<link rel=\"canonical\" href=\"https:\/\/www.chardron.com\/en\/nos-propositions-de-financement\/\" \/>\n<meta property=\"og:locale\" content=\"en_US\" \/>\n<meta property=\"og:type\" content=\"article\" \/>\n<meta property=\"og:title\" content=\"We propose financing - Vans CHARDRON\" \/>\n<meta property=\"og:description\" content=\"[vc_row][vc_column][vc_column_text] WHAT SOLUTIONS OF FINANCING OFFER THEMSELVES TO YOU? [\/vc_column_text][\/vc_column][\/vc_row][vc_row][vc_column][vc_column_text]Pour\" \/>\n<meta property=\"og:url\" content=\"https:\/\/www.chardron.com\/en\/nos-propositions-de-financement\/\" \/>\n<meta property=\"og:site_name\" content=\"Vans CHARDRON\" \/>\n<meta property=\"article:publisher\" content=\"https:\/\/www.facebook.com\/VansChardron\/\" \/>\n<meta property=\"article:modified_time\" content=\"2017-02-17T14:21:34+00:00\" \/>\n<meta property=\"og:image\" content=\"https:\/\/www.chardron.com\/wp-content\/uploads\/2016\/07\/achete-chez-delaroque.jpg\" \/>\n\t<meta property=\"og:image:width\" content=\"852\" \/>\n\t<meta property=\"og:image:height\" content=\"567\" \/>\n\t<meta property=\"og:image:type\" content=\"image\/jpeg\" \/>\n<meta name=\"twitter:card\" content=\"summary_large_image\" \/>\n<meta name=\"twitter:label1\" content=\"Est. reading time\" \/>\n\t<meta name=\"twitter:data1\" content=\"2 minutes\" \/>\n<script type=\"application\/ld+json\" class=\"yoast-schema-graph\">{\"@context\":\"https:\/\/schema.org\",\"@graph\":[{\"@type\":\"WebPage\",\"@id\":\"https:\/\/www.chardron.com\/en\/nos-propositions-de-financement\/\",\"url\":\"https:\/\/www.chardron.com\/en\/nos-propositions-de-financement\/\",\"name\":\"We propose financing - Vans CHARDRON\",\"isPartOf\":{\"@id\":\"https:\/\/www.chardron.com\/en\/#website\"},\"primaryImageOfPage\":{\"@id\":\"https:\/\/www.chardron.com\/en\/nos-propositions-de-financement\/#primaryimage\"},\"image\":{\"@id\":\"https:\/\/www.chardron.com\/en\/nos-propositions-de-financement\/#primaryimage\"},\"thumbnailUrl\":\"https:\/\/www.chardron.com\/wp-content\/uploads\/2016\/07\/achete-chez-delaroque.jpg\",\"datePublished\":\"2016-07-07T08:37:03+00:00\",\"dateModified\":\"2017-02-17T14:21:34+00:00\",\"breadcrumb\":{\"@id\":\"https:\/\/www.chardron.com\/en\/nos-propositions-de-financement\/#breadcrumb\"},\"inLanguage\":\"en-US\",\"potentialAction\":[{\"@type\":\"ReadAction\",\"target\":[\"https:\/\/www.chardron.com\/en\/nos-propositions-de-financement\/\"]}]},{\"@type\":\"ImageObject\",\"inLanguage\":\"en-US\",\"@id\":\"https:\/\/www.chardron.com\/en\/nos-propositions-de-financement\/#primaryimage\",\"url\":\"https:\/\/www.chardron.com\/wp-content\/uploads\/2016\/07\/achete-chez-delaroque.jpg\",\"contentUrl\":\"https:\/\/www.chardron.com\/wp-content\/uploads\/2016\/07\/achete-chez-delaroque.jpg\",\"width\":852,\"height\":567},{\"@type\":\"BreadcrumbList\",\"@id\":\"https:\/\/www.chardron.com\/en\/nos-propositions-de-financement\/#breadcrumb\",\"itemListElement\":[{\"@type\":\"ListItem\",\"position\":1,\"name\":\"Accueil\",\"item\":\"https:\/\/www.chardron.com\/en\/\"},{\"@type\":\"ListItem\",\"position\":2,\"name\":\"We propose financing\"}]},{\"@type\":\"WebSite\",\"@id\":\"https:\/\/www.chardron.com\/en\/#website\",\"url\":\"https:\/\/www.chardron.com\/en\/\",\"name\":\"Vans CHARDRON\",\"description\":\"Concepteur fran\u00e7ais de v\u00e9hicules d&#039;exception pour chevaux\",\"publisher\":{\"@id\":\"https:\/\/www.chardron.com\/en\/#organization\"},\"potentialAction\":[{\"@type\":\"SearchAction\",\"target\":{\"@type\":\"EntryPoint\",\"urlTemplate\":\"https:\/\/www.chardron.com\/en\/?s={search_term_string}\"},\"query-input\":{\"@type\":\"PropertyValueSpecification\",\"valueRequired\":true,\"valueName\":\"search_term_string\"}}],\"inLanguage\":\"en-US\"},{\"@type\":\"Organization\",\"@id\":\"https:\/\/www.chardron.com\/en\/#organization\",\"name\":\"CHARDRON\",\"url\":\"https:\/\/www.chardron.com\/en\/\",\"logo\":{\"@type\":\"ImageObject\",\"inLanguage\":\"en-US\",\"@id\":\"https:\/\/www.chardron.com\/en\/#\/schema\/logo\/image\/\",\"url\":\"https:\/\/www.chardron.com\/wp-content\/uploads\/2018\/05\/logo-chardron-2.jpg\",\"contentUrl\":\"https:\/\/www.chardron.com\/wp-content\/uploads\/2018\/05\/logo-chardron-2.jpg\",\"width\":1978,\"height\":1478,\"caption\":\"CHARDRON\"},\"image\":{\"@id\":\"https:\/\/www.chardron.com\/en\/#\/schema\/logo\/image\/\"},\"sameAs\":[\"https:\/\/www.facebook.com\/VansChardron\/\"]}]}<\/script>\n<!-- \/ Yoast SEO plugin. -->","yoast_head_json":{"title":"We propose financing - Vans CHARDRON","robots":{"index":"index","follow":"follow","max-snippet":"max-snippet:-1","max-image-preview":"max-image-preview:large","max-video-preview":"max-video-preview:-1"},"canonical":"https:\/\/www.chardron.com\/en\/nos-propositions-de-financement\/","og_locale":"en_US","og_type":"article","og_title":"We propose financing - Vans CHARDRON","og_description":"[vc_row][vc_column][vc_column_text] WHAT SOLUTIONS OF FINANCING OFFER THEMSELVES TO YOU? [\/vc_column_text][\/vc_column][\/vc_row][vc_row][vc_column][vc_column_text]Pour","og_url":"https:\/\/www.chardron.com\/en\/nos-propositions-de-financement\/","og_site_name":"Vans CHARDRON","article_publisher":"https:\/\/www.facebook.com\/VansChardron\/","article_modified_time":"2017-02-17T14:21:34+00:00","og_image":[{"width":852,"height":567,"url":"https:\/\/www.chardron.com\/wp-content\/uploads\/2016\/07\/achete-chez-delaroque.jpg","type":"image\/jpeg"}],"twitter_card":"summary_large_image","twitter_misc":{"Est. reading time":"2 minutes"},"schema":{"@context":"https:\/\/schema.org","@graph":[{"@type":"WebPage","@id":"https:\/\/www.chardron.com\/en\/nos-propositions-de-financement\/","url":"https:\/\/www.chardron.com\/en\/nos-propositions-de-financement\/","name":"We propose financing - Vans CHARDRON","isPartOf":{"@id":"https:\/\/www.chardron.com\/en\/#website"},"primaryImageOfPage":{"@id":"https:\/\/www.chardron.com\/en\/nos-propositions-de-financement\/#primaryimage"},"image":{"@id":"https:\/\/www.chardron.com\/en\/nos-propositions-de-financement\/#primaryimage"},"thumbnailUrl":"https:\/\/www.chardron.com\/wp-content\/uploads\/2016\/07\/achete-chez-delaroque.jpg","datePublished":"2016-07-07T08:37:03+00:00","dateModified":"2017-02-17T14:21:34+00:00","breadcrumb":{"@id":"https:\/\/www.chardron.com\/en\/nos-propositions-de-financement\/#breadcrumb"},"inLanguage":"en-US","potentialAction":[{"@type":"ReadAction","target":["https:\/\/www.chardron.com\/en\/nos-propositions-de-financement\/"]}]},{"@type":"ImageObject","inLanguage":"en-US","@id":"https:\/\/www.chardron.com\/en\/nos-propositions-de-financement\/#primaryimage","url":"https:\/\/www.chardron.com\/wp-content\/uploads\/2016\/07\/achete-chez-delaroque.jpg","contentUrl":"https:\/\/www.chardron.com\/wp-content\/uploads\/2016\/07\/achete-chez-delaroque.jpg","width":852,"height":567},{"@type":"BreadcrumbList","@id":"https:\/\/www.chardron.com\/en\/nos-propositions-de-financement\/#breadcrumb","itemListElement":[{"@type":"ListItem","position":1,"name":"Accueil","item":"https:\/\/www.chardron.com\/en\/"},{"@type":"ListItem","position":2,"name":"We propose financing"}]},{"@type":"WebSite","@id":"https:\/\/www.chardron.com\/en\/#website","url":"https:\/\/www.chardron.com\/en\/","name":"Vans CHARDRON","description":"Concepteur fran\u00e7ais de v\u00e9hicules d&#039;exception pour chevaux","publisher":{"@id":"https:\/\/www.chardron.com\/en\/#organization"},"potentialAction":[{"@type":"SearchAction","target":{"@type":"EntryPoint","urlTemplate":"https:\/\/www.chardron.com\/en\/?s={search_term_string}"},"query-input":{"@type":"PropertyValueSpecification","valueRequired":true,"valueName":"search_term_string"}}],"inLanguage":"en-US"},{"@type":"Organization","@id":"https:\/\/www.chardron.com\/en\/#organization","name":"CHARDRON","url":"https:\/\/www.chardron.com\/en\/","logo":{"@type":"ImageObject","inLanguage":"en-US","@id":"https:\/\/www.chardron.com\/en\/#\/schema\/logo\/image\/","url":"https:\/\/www.chardron.com\/wp-content\/uploads\/2018\/05\/logo-chardron-2.jpg","contentUrl":"https:\/\/www.chardron.com\/wp-content\/uploads\/2018\/05\/logo-chardron-2.jpg","width":1978,"height":1478,"caption":"CHARDRON"},"image":{"@id":"https:\/\/www.chardron.com\/en\/#\/schema\/logo\/image\/"},"sameAs":["https:\/\/www.facebook.com\/VansChardron\/"]}]}},"_links":{"self":[{"href":"https:\/\/www.chardron.com\/en\/wp-json\/wp\/v2\/pages\/840","targetHints":{"allow":["GET"]}}],"collection":[{"href":"https:\/\/www.chardron.com\/en\/wp-json\/wp\/v2\/pages"}],"about":[{"href":"https:\/\/www.chardron.com\/en\/wp-json\/wp\/v2\/types\/page"}],"author":[{"embeddable":true,"href":"https:\/\/www.chardron.com\/en\/wp-json\/wp\/v2\/users\/10"}],"replies":[{"embeddable":true,"href":"https:\/\/www.chardron.com\/en\/wp-json\/wp\/v2\/comments?post=840"}],"version-history":[{"count":10,"href":"https:\/\/www.chardron.com\/en\/wp-json\/wp\/v2\/pages\/840\/revisions"}],"predecessor-version":[{"id":8062,"href":"https:\/\/www.chardron.com\/en\/wp-json\/wp\/v2\/pages\/840\/revisions\/8062"}],"wp:featuredmedia":[{"embeddable":true,"href":"https:\/\/www.chardron.com\/en\/wp-json\/wp\/v2\/media\/7525"}],"wp:attachment":[{"href":"https:\/\/www.chardron.com\/en\/wp-json\/wp\/v2\/media?parent=840"}],"curies":[{"name":"wp","href":"https:\/\/api.w.org\/{rel}","templated":true}]}}